{"id":2,"date":"2021-12-20T22:21:40","date_gmt":"2021-12-20T21:21:40","guid":{"rendered":"http:\/\/protestantsperreux.fr\/?page_id=2"},"modified":"2023-09-24T15:15:33","modified_gmt":"2023-09-24T13:15:33","slug":"page-d-exemple","status":"publish","type":"page","link":"https:\/\/protestantsperreux.fr\/index.php\/page-d-exemple\/","title":{"rendered":"Qui sommes-nous ?"},"content":{"rendered":"\n<div class=\"wp-block-image is-style-rounded\"><figure class=\"alignleft size-large\"><img decoding=\"async\" loading=\"lazy\" width=\"508\" height=\"704\" src=\"http:\/\/protestantsperreux.fr\/wp-content\/uploads\/2021\/12\/Eglise-edited.png\" alt=\"\" class=\"wp-image-58\" srcset=\"https:\/\/protestantsperreux.fr\/wp-content\/uploads\/2021\/12\/Eglise-edited.png 508w, https:\/\/protestantsperreux.fr\/wp-content\/uploads\/2021\/12\/Eglise-edited-216x300.png 216w\" sizes=\"(max-width: 508px) 100vw, 508px\" \/><figcaption><em><span class=\"has-inline-color has-primary-color\">4 rue de Chanzy &#8211; Le Perreux Sur Marne &#8211; 94170<\/span><\/em><\/figcaption><\/figure><\/div>\n\n\n\n<p>Protestants de tradition luth\u00e9rienne, la paroisse fait partie de l\u2019Eglise Protestante Unie de France <em>(association cultuelle loi 1905)<\/em>. <br><br>Elle accueille fraternellement tous ceux qui veulent d\u00e9couvrir ou approfondir leur foi au sein d\u2019une communaut\u00e9 chr\u00e9tienne chaleureuse. <br><br>Dans cet objectif, de nombreuses activit\u00e9s sont propos\u00e9es, \u00e0 toutes les g\u00e9n\u00e9rations, dans un esprit de partage, de libert\u00e9 et d\u2019ouverture. Chacun peut y trouver sa place : adultes, jeunes, enfants, seniors, habitu\u00e9s et non-initi\u00e9s. <br><br> Le pasteur Guilhem RIFFAUT exerce les fonctions de pasteur, entour\u00e9 par le conseil presbyt\u00e9ral. <\/p>\n\n\n\n<p>Vous pouvez nous contacter pour toutes informations ou demandes particuli\u00e8res ou tout renseignement concernant les actes pastoraux : b\u00e9n\u00e9diction de mariage, bapt\u00eame,\u00a0confirmation, service fun\u00e8bre \u00e0 la page <a href=\"https:\/\/protestantsperreux.fr\/?p=906\" data-type=\"URL\" data-id=\"https:\/\/protestantsperreux.fr\/?p=906\" target=\"_blank\" rel=\"noreferrer noopener\">CONTACT<\/a>.<\/p>\n\n\n\n<p><\/p>\n\n\n\n<p>Nous localiser :<\/p>\n\n\n\n<div class=\"wp-block-group is-layout-flow wp-block-group-is-layout-flow\"><div class=\"wp-block-group__inner-container\">\n<iframe src=\"https:\/\/www.google.com\/maps\/embed?pb=!1m18!1m12!1m3!1d635.2734067871243!2d2.5029022401870793!3d48.84469187113201!2m3!1f0!2f0!3f0!3m2!1i1024!2i768!4f13.1!3m3!1m2!1s0x47e60d82e8f55275%3A0x238e49016c2c580!2sEglise%20Protestante%20Unie%20du%20Perreux%20sur%20Marne!5e0!3m2!1sfr!2sfr!4v1640298924462!5m2!1sfr!2sfr\" width=\"600\" height=\"450\" style=\"border:0;\" allowfullscreen=\"\" loading=\"lazy\"><\/iframe>\n<\/div><\/div>\n\n\n\n<p><\/p>\n","protected":false},"excerpt":{"rendered":"<p>Protestants de tradition luth\u00e9rienne, la paroisse fait partie de l\u2019Eglise Protestante Unie de France (association cultuelle loi 1905). Elle accueille fraternellement tous ceux qui veulent d\u00e9couvrir ou approfondir leur foi au sein d\u2019une communaut\u00e9 chr\u00e9tienne chaleureuse. Dans cet objectif, de nombreuses activit\u00e9s sont propos\u00e9es, \u00e0 toutes les g\u00e9n\u00e9rations, dans un esprit de partage, de libert\u00e9 [&hellip;]<\/p>\n","protected":false},"author":1,"featured_media":0,"parent":0,"menu_order":0,"comment_status":"closed","ping_status":"open","template":"","meta":{"footnotes":""},"_links":{"self":[{"href":"https:\/\/protestantsperreux.fr\/index.php\/wp-json\/wp\/v2\/pages\/2"}],"collection":[{"href":"https:\/\/protestantsperreux.fr\/index.php\/wp-json\/wp\/v2\/pages"}],"about":[{"href":"https:\/\/protestantsperreux.fr\/index.php\/wp-json\/wp\/v2\/types\/page"}],"author":[{"embeddable":true,"href":"https:\/\/protestantsperreux.fr\/index.php\/wp-json\/wp\/v2\/users\/1"}],"replies":[{"embeddable":true,"href":"https:\/\/protestantsperreux.fr\/index.php\/wp-json\/wp\/v2\/comments?post=2"}],"version-history":[{"count":9,"href":"https:\/\/protestantsperreux.fr\/index.php\/wp-json\/wp\/v2\/pages\/2\/revisions"}],"predecessor-version":[{"id":914,"href":"https:\/\/protestantsperreux.fr\/index.php\/wp-json\/wp\/v2\/pages\/2\/revisions\/914"}],"wp:attachment":[{"href":"https:\/\/protestantsperreux.fr\/index.php\/wp-json\/wp\/v2\/media?parent=2"}],"curies":[{"name":"wp","href":"https:\/\/api.w.org\/{rel}","templated":true}]}}