{"id":9,"date":"2021-12-23T22:27:57","date_gmt":"2021-12-23T21:27:57","guid":{"rendered":"http:\/\/protestantsperreux.fr\/?page_id=9"},"modified":"2026-04-14T17:07:49","modified_gmt":"2026-04-14T15:07:49","slug":"blog","status":"publish","type":"page","link":"https:\/\/protestantsperreux.fr\/index.php\/blog\/","title":{"rendered":"Agenda"},"content":{"rendered":"\n<div class=\"wp-block-group is-layout-flow wp-block-group-is-layout-flow\"><div class=\"wp-block-group__inner-container\">\n<div class=\"wp-block-group is-layout-flow wp-block-group-is-layout-flow\"><div class=\"wp-block-group__inner-container\">\n<div class=\"wp-block-group is-layout-flow wp-block-group-is-layout-flow\"><div class=\"wp-block-group__inner-container\">\n<div class=\"wp-block-group is-layout-flow wp-block-group-is-layout-flow\"><div class=\"wp-block-group__inner-container\">\n<div class=\"wp-block-group is-layout-flow wp-block-group-is-layout-flow\"><div class=\"wp-block-group__inner-container\">\n<h4 class=\"wp-block-heading\" style=\"font-size:30px\">Autres \u00e9v\u00e8nements chr\u00e9tiens<\/h4>\n\n\n\n<p>Une <strong>maraude<\/strong> aura le <mark style=\"background-color:rgba(0, 0, 0, 0);color:#ff0000\" class=\"has-inline-color\">jeudi 23 avril<\/mark> \u00e0 <strong>18h30<\/strong> au <em>Temple du Marais<\/em> (15 rue Catex, 75004 Paris) et ses environs. Une belle occasion d\u2019aimer concr\u00e8tement notre prochain. L&rsquo;\u00e2ge minimum accept\u00e9 est 13 ans. <\/p>\n\n\n\n<h4 class=\"wp-block-heading has-larger-font-size\">Culte<\/h4>\n\n\n\n<p>Les cultes ont lieu <strong>tous<\/strong> les <mark style=\"background-color:rgba(0, 0, 0, 0);color:#ff0000\" class=\"has-inline-color\">dimanches<\/mark> \u00e0 <strong>10h30<\/strong>.<\/p>\n\n\n\n<p>Les cultes de la <strong>semaine sainte<\/strong> auront lieu \u00e0 <strong>19h<\/strong> le <em>jeudi Saint<\/em> (<mark style=\"background-color:rgba(0, 0, 0, 0);color:#ff0000\" class=\"has-inline-color\">2 avril<\/mark>) et le <em>vendredi Saint <\/em>(<mark style=\"background-color:rgba(0, 0, 0, 0);color:#ff0000\" class=\"has-inline-color\">3 avril<\/mark>).<\/p>\n<\/div><\/div>\n<\/div><\/div>\n\n\n\n<h4 class=\"wp-block-heading\">Partage biblique<\/h4>\n\n\n\n<p>Un temps d\u2019\u00e9tude biblique a lieu le<mark style=\"background-color:rgba(0, 0, 0, 0);color:#ff0000\" class=\"has-inline-color\"> jeudi 9 avril <\/mark>\u00e0 <strong>19h30 <\/strong>\u00e0 la paroisse, anim\u00e9 par le pasteur Guilhem RIFFAUT.<\/p>\n\n\n\n<p>Les soir\u00e9es <em>The Chosen<\/em> ont lieux <mark style=\"background-color:rgba(0, 0, 0, 0)\" class=\"has-inline-color has-primary-color\">les<\/mark><mark style=\"background-color:rgba(0, 0, 0, 0);color:#ff0000\" class=\"has-inline-color\"> samedis 18 avril <\/mark>\u00e0 <strong>18h<\/strong> \u00e0 la paroisse du Perreux. C&rsquo;est un temps de visionnage d&rsquo;un \u00e9pisode de la s\u00e9rie <em>The Chosen<\/em> suivi d&rsquo;une discussion autour d&rsquo;un repas partag\u00e9.<\/p>\n\n\n\n<h4 class=\"wp-block-heading has-larger-font-size\">Jeunes Adultes<\/h4>\n\n\n\n<p class=\"has-small-font-size\">The Talk aura lieu le <mark style=\"background-color:rgba(0, 0, 0, 0);color:#ff0000\" class=\"has-inline-color\">26 avril 2026 <\/mark>de <strong>16:30<\/strong> \u00e0 18:30 \u00e0 <em>l&rsquo;Eglise de la R\u00e9surrection,<\/em>6 rue Quinault,75015, Paris, inscription <a href=\"https:\/\/www.helloasso.com\/associations\/epudf-ilp\/evenements\/academie-de-louange-2025\" data-type=\"link\" data-id=\"https:\/\/www.helloasso.com\/associations\/epudf-ilp\/evenements\/academie-de-louange-2025\">ici<\/a><\/p>\n\n\n\n<p>Rendez-vous <a rel=\"noreferrer noopener\" href=\"http:\/\/protestantsperreux.fr\/index.php\/2022\/09\/20\/calendrier-de-la-mission-jeunesse\/\" data-type=\"URL\" data-id=\"http:\/\/protestantsperreux.fr\/index.php\/2022\/09\/20\/calendrier-de-la-mission-jeunesse\/\" target=\"_blank\">ICI<\/a> pour d&rsquo;autres \u00e9v\u00e9nements organis\u00e9s par la Mission Jeunesse.<\/p>\n\n\n\n<h4 class=\"wp-block-heading has-larger-font-size\">Cat\u00e9chisme (12-14 ans)<\/h4>\n\n\n\n<p>C&rsquo;est un <a rel=\"noreferrer noopener\" href=\"http:\/\/protestantsperreux.fr\/index.php\/2022\/09\/27\/catechisme\/\" target=\"_blank\">temps d&rsquo;enseignement<\/a> et de partage autour de la parole de Dieu et de la foi pour les jeunes de 12-14 ans (coll\u00e8ge). Les prochaines rencontres auront lieu apr\u00e8s le culte les dimanches.<\/p>\n\n\n\n<p>Au fil des s\u00e9ances, ils seront plong\u00e9s dans le livre des <em>Actes des Ap\u00f4tres<\/em>, avec comme fil rouge le sens du bapt\u00eame et de la confirmation :<\/p>\n\n\n\n<ul>\n<li><mark style=\"background-color:rgba(0, 0, 0, 0);color:#ff0000\" class=\"has-inline-color\">12 avril<\/mark><\/li>\n\n\n\n<li><mark style=\"background-color:rgba(0, 0, 0, 0);color:#ff0000\" class=\"has-inline-color\">10<\/mark> ou <mark style=\"background-color:rgba(0, 0, 0, 0);color:#ff0000\" class=\"has-inline-color\">17 mai<\/mark><\/li>\n\n\n\n<li><mark style=\"background-color:rgba(0, 0, 0, 0);color:#ff0000\" class=\"has-inline-color\">7 juin<\/mark><\/li>\n<\/ul>\n\n\n\n<h4 class=\"wp-block-heading has-larger-font-size\">Ecole Biblique (6-11 ans)<\/h4>\n\n\n\n<p>Ce <a rel=\"noreferrer noopener\" href=\"http:\/\/protestantsperreux.fr\/index.php\/2022\/10\/13\/ecole-biblique\/\" target=\"_blank\">groupe<\/a> se r\u00e9unira les <span style=\"background-color:rgba(0, 0, 0, 0);color:#ff0004\" class=\"has-inline-color\">dimanches<\/span> <span style=\"text-decoration: underline;\">pendant le culte<\/span>. C&rsquo;est un temps de louanges et de partage autour de la parole de Dieu pour les enfants de 5-11 ans (primaire).<\/p>\n\n\n\n<h4 class=\"wp-block-heading has-larger-font-size\">Groupe de Louanges<\/h4>\n\n\n\n<p>Le groupe de louange participe \u00e0 la louange du Seigneur pendant le culte.<br>Ce groupe se r\u00e9unit pour chanter les louanges de l\u2019\u00c9ternel. Vous pouvez vous joindre \u00e0 leurs voix pour adorer le Seigneur et le glorifier !<\/p>\n\n\n\n<p>Ce groupe se r\u00e9unira le<mark style=\"background-color:rgba(0, 0, 0, 0);color:#ff0000\" class=\"has-inline-color\"> dates \u00e0 venir <\/mark>\u00e0 <strong>19h30<\/strong> \u00e0 la paroisse.<\/p>\n\n\n\n<div class=\"wp-block-buttons is-horizontal is-content-justification-center is-layout-flex wp-container-3 wp-block-buttons-is-layout-flex\">\n<div class=\"wp-block-button has-custom-width wp-block-button__width-75 has-custom-font-size is-style-outline\" style=\"font-size:12px\"><a class=\"wp-block-button__link has-primary-color has-blush-light-purple-gradient-background has-text-color has-background wp-element-button\" href=\"http:\/\/protestantsperreux.fr\/index.php\/louanges\/\" style=\"border-radius:50px\" target=\"_blank\" rel=\"noreferrer noopener\">Aper\u00e7u de notre r\u00e9pertoire de chants<\/a><\/div>\n<\/div>\n<\/div><\/div>\n<\/div><\/div>\n<\/div><\/div>\n\n\n\n<h4 class=\"wp-block-heading has-larger-font-size\">Conseil Presbyt\u00e9ral<\/h4>\n\n\n\n<p>Groupe de conseillers, paroissiens, qui prennent les d\u00e9cisions concernant la paroisse ensemble. Ils se r\u00e9unissent une fois par mois.<\/p>\n\n\n\n<h4 class=\"wp-block-heading has-larger-font-size\"><span style=\"background-color:rgba(0, 0, 0, 0)\" class=\"has-inline-color has-primary-color\">Groupe de Pri\u00e8res<\/span><\/h4>\n\n\n\n<p><span style=\"background-color:rgba(0, 0, 0, 0)\" class=\"has-inline-color has-primary-color\">Un groupe de pri\u00e8re se r\u00e9unit les <\/span><span style=\"background-color:rgba(0, 0, 0, 0);color:#ff0000\" class=\"has-inline-color\">mardis <\/span><span style=\"background-color:rgba(0, 0, 0, 0)\" class=\"has-inline-color has-primary-color\">\u00e0 partir <strong>13h<\/strong> \u00e0  la paroisse avec le pasteur RIFFAUT (<strong>t\u00e9l\u00e9phonez en amont<\/strong> pour vous assurez de l&rsquo;horaire et de la pr\u00e9sence du groupe).<\/span><\/p>\n\n\n\n<h4 class=\"wp-block-heading has-larger-font-size\"><span style=\"background-color:rgba(0, 0, 0, 0)\" class=\"has-inline-color has-primary-color\">Ecoute pastorale<\/span><\/h4>\n\n\n\n<p><span style=\"background-color:rgba(0, 0, 0, 0)\" class=\"has-inline-color has-primary-color\">Le pasteur RIFFAUT assure une permanence pastorale \u00e0 la paroisse sur <strong><span style=\"text-decoration: underline;\">rendez-vous<\/span><\/strong>, les coordonn\u00e9es sont disponibles <a rel=\"noreferrer noopener\" href=\"https:\/\/protestantsperreux.fr\/index.php\/contact\/\" data-type=\"URL\" data-id=\"https:\/\/protestantsperreux.fr\/index.php\/contact\/\" target=\"_blank\">ICI<\/a>.<\/span><\/p>\n","protected":false},"excerpt":{"rendered":"<p>Autres \u00e9v\u00e8nements chr\u00e9tiens Une maraude aura le jeudi 23 avril \u00e0 18h30 au Temple du Marais (15 rue Catex, 75004 Paris) et ses environs. Une belle occasion d\u2019aimer concr\u00e8tement notre prochain. L&rsquo;\u00e2ge minimum accept\u00e9 est 13 ans. Culte Les cultes ont lieu tous les dimanches \u00e0 10h30. Les cultes de la semaine sainte auront lieu [&hellip;]<\/p>\n","protected":false},"author":1,"featured_media":0,"parent":0,"menu_order":0,"comment_status":"closed","ping_status":"closed","template":"","meta":{"footnotes":""},"_links":{"self":[{"href":"https:\/\/protestantsperreux.fr\/index.php\/wp-json\/wp\/v2\/pages\/9"}],"collection":[{"href":"https:\/\/protestantsperreux.fr\/index.php\/wp-json\/wp\/v2\/pages"}],"about":[{"href":"https:\/\/protestantsperreux.fr\/index.php\/wp-json\/wp\/v2\/types\/page"}],"author":[{"embeddable":true,"href":"https:\/\/protestantsperreux.fr\/index.php\/wp-json\/wp\/v2\/users\/1"}],"replies":[{"embeddable":true,"href":"https:\/\/protestantsperreux.fr\/index.php\/wp-json\/wp\/v2\/comments?post=9"}],"version-history":[{"count":400,"href":"https:\/\/protestantsperreux.fr\/index.php\/wp-json\/wp\/v2\/pages\/9\/revisions"}],"predecessor-version":[{"id":1760,"href":"https:\/\/protestantsperreux.fr\/index.php\/wp-json\/wp\/v2\/pages\/9\/revisions\/1760"}],"wp:attachment":[{"href":"https:\/\/protestantsperreux.fr\/index.php\/wp-json\/wp\/v2\/media?parent=9"}],"curies":[{"name":"wp","href":"https:\/\/api.w.org\/{rel}","templated":true}]}}